{"id":3841,"date":"2023-04-04T15:41:34","date_gmt":"2023-04-04T15:41:34","guid":{"rendered":"https:\/\/facefit.is\/?post_type=product&#038;p=3841"},"modified":"2025-03-26T18:05:28","modified_gmt":"2025-03-26T18:05:28","slug":"4ra-vikna-hopnamskeid","status":"publish","type":"product","link":"https:\/\/facefit.is\/index.php\/product\/4ra-vikna-hopnamskeid\/","title":{"rendered":"4ra vikna h\u00f3pn\u00e1mskei\u00f0"},"content":{"rendered":"<p>&nbsp;<\/p>\n<p>&nbsp;<\/p>\n<p><em>\u00c1vinningur af \u00feessu fr\u00e1b\u00e6ra \u00e6fingakerfi gefur sl\u00e9ttari, m\u00fdkri h\u00fa\u00f0 og betur m\u00f3ta\u00f0 andlit, sannk\u00f6llu\u00f0 andlitslyfting.<\/em><\/p>\n<p>&nbsp;<\/p>\n<ul>\n<li><em>Andlitsm\u00f3tun mi\u00f0lar a\u00f0 \u00fev\u00ed a\u00f0 endurheimta teygjanleika h\u00fa\u00f0arinnar.<\/em><\/li>\n<li><em>Bl\u00f3\u00f0fl\u00e6\u00f0i\u00f0 ver\u00f0ur betra sem gefur meira s\u00farefni til frumna og \u00fear af lei\u00f0andi grei\u00f0ari a\u00f0gangur fyrir n\u00e6ringu til frumna.<\/em><\/li>\n<li><em>\u00d6rvar frumuskiptingu.<\/em><\/li>\n<li><em>Eflir a\u00f0albyggingapr\u00f3tein h\u00fa\u00f0arinnar kollagen og elast\u00edn.<\/em><\/li>\n<li><em>Gefur sl\u00e9ttari m\u00fdkri h\u00fa\u00f0, minni l\u00ednur.<\/em><\/li>\n<li><em>Gefur opnari augu me\u00f0 t\u00edmanum.<\/em><\/li>\n<li><em>Dregur \u00far augnpokum og baugum.<\/em><\/li>\n<li><em>Styrkir undirh\u00f6kuna, minni\/engin undirhaka.<\/em><\/li>\n<li><em>Bjartari og fallegri h\u00fa\u00f0litur.<\/em><\/li>\n<li><em>Geislandi \u00fatlit, sl\u00e9ttari stinnari h\u00e1ls.<\/em><\/li>\n<li><em>Bj\u00fagur, \u00fereyta og streita fjara \u00fat.<\/em><\/li>\n<li><em>Betur m\u00f3ta\u00f0 andlit.<\/em><\/li>\n<li><em>Sannk\u00f6llu\u00f0 n\u00e1tt\u00faruleg andlitslyfting.<\/em><\/li>\n<\/ul>\n<p><em>\u00a0<\/em><\/p>\n<p>&nbsp;<\/p>\n","protected":false},"excerpt":{"rendered":"<p>&nbsp;<\/p>\n<p style=\"text-align: center;\"><em>Fr\u00e1b\u00e6rar \u00e6fingar sem h\u00e6gja \u00e1 \u00f6ldrun og vinna \u00e1 m\u00f3ti \u00feyngdarl\u00f6gm\u00e1linu.<\/em><\/p>\n<p style=\"text-align: center;\"><em>Sannk\u00f6llu\u00f0 andlitslyfting!<\/em><\/p>\n<h4><em>Facefit er blanda af g\u00f3\u00f0ri l\u00edkamsst\u00f6\u00f0u og andlits\u00e6fingum, samfara g\u00f3\u00f0ri \u00f6ndun og a\u00f0 nota hugann me\u00f0.<\/em><\/h4>\n<p><em>\u00c6ft \u00ed loku\u00f0um h\u00f3p, tvisvar \u00ed viku og gullkorn \u00ed heimavinnu \u00e1 milli hittings.\u00a0<\/em><\/p>\n<p><em>T\u00edmar byrja alltaf \u00e1 upphitunar \u00e6fingum, a\u00f0alega fyrir efri b\u00fak sem hj\u00e1lpa vi\u00f0 a\u00f0 r\u00e9tta betur \u00far l\u00edkamsst\u00f6\u00f0unni, styrkir bak, hli\u00f0ar l\u00edkamans, bringu og handleggi, hj\u00e1lpar s\u00ed\u00f0an vi\u00f0 a\u00f0 undirb\u00faa andliti\u00f0 fyrir andlits\u00e6fingar.<\/em><\/p>\n<p><em>Eftirfylgni,\u00a0<\/em><em>loka\u00f0ur facebook h\u00f3pur me\u00f0 fullt af\u00a0fr\u00f3\u00f0leik og \u00e1skorunum<\/em>\u00a0<em>og gullkorn \u00ed heimavinnu.<\/em><\/p>\n<p>&nbsp;<\/p>\n<p><strong><em>SKR\u00c1\u00d0U \u00deIG \u00c1 BI\u00d0LISTA FYRIR N\u00c6STA H\u00d3PN\u00c1MSKEI\u00d0<\/em><\/strong><\/p>\n<p><em>Sendir nafn, s\u00edma og netfang og l\u00e6tur vita a\u00f0 \u00fe\u00fa viljir koma \u00e1 bi\u00f0lista \u00ed 4 vikna h\u00f3pn\u00e1mskei\u00f0<\/em><\/p>\n<p><em>ragny@facefit.is<\/em><\/p>\n<p>&nbsp;<\/p>\n<p>&nbsp;<\/p>\n<p>&nbsp;<\/p>\n<p>&nbsp;<\/p>\n<p>&#8212;&#8212;&#8212;&#8212;&#8212;&#8212;&#8212;&#8212;&#8212;&#8212;&#8212;&#8212;&#8212;&#8212;&#8212;&#8212;&#8211;<\/p>\n<h6><\/h6>\n<p>&nbsp;<\/p>\n","protected":false},"featured_media":3770,"comment_status":"closed","ping_status":"closed","template":"","meta":{"jetpack_post_was_ever_published":false,"jetpack_publicize_message":"","jetpack_is_tweetstorm":false,"jetpack_publicize_feature_enabled":true,"jetpack_social_post_already_shared":true,"jetpack_social_options":{"image_generator_settings":{"template":"highway","enabled":false}}},"product_cat":[127,128],"product_tag":[],"jetpack_publicize_connections":[],"jetpack_sharing_enabled":true,"_links":{"self":[{"href":"https:\/\/facefit.is\/index.php\/wp-json\/wp\/v2\/product\/3841"}],"collection":[{"href":"https:\/\/facefit.is\/index.php\/wp-json\/wp\/v2\/product"}],"about":[{"href":"https:\/\/facefit.is\/index.php\/wp-json\/wp\/v2\/types\/product"}],"replies":[{"embeddable":true,"href":"https:\/\/facefit.is\/index.php\/wp-json\/wp\/v2\/comments?post=3841"}],"wp:featuredmedia":[{"embeddable":true,"href":"https:\/\/facefit.is\/index.php\/wp-json\/wp\/v2\/media\/3770"}],"wp:attachment":[{"href":"https:\/\/facefit.is\/index.php\/wp-json\/wp\/v2\/media?parent=3841"}],"wp:term":[{"taxonomy":"product_cat","embeddable":true,"href":"https:\/\/facefit.is\/index.php\/wp-json\/wp\/v2\/product_cat?post=3841"},{"taxonomy":"product_tag","embeddable":true,"href":"https:\/\/facefit.is\/index.php\/wp-json\/wp\/v2\/product_tag?post=3841"}],"curies":[{"name":"wp","href":"https:\/\/api.w.org\/{rel}","templated":true}]}}